{"id":14,"date":"2021-11-18T19:37:30","date_gmt":"2021-11-18T19:37:30","guid":{"rendered":"https:\/\/bozzetto.mx\/?page_id=14"},"modified":"2021-11-18T22:07:48","modified_gmt":"2021-11-18T22:07:48","slug":"14-2","status":"publish","type":"page","link":"https:\/\/bozzetto.mx\/","title":{"rendered":""},"content":{"rendered":"\n<style type=\"text\/css\" data-created_by=\"avia_inline_auto\" id=\"style-css-av-kw5cs6uq-847da1152247fefc1d0554df90cb36c5\">\n.avia-section.av-kw5cs6uq-847da1152247fefc1d0554df90cb36c5{\nbackground-color:#f0ebe7;\n}\n<\/style>\n<div id='av_section_1'  class='avia-section av-kw5cs6uq-847da1152247fefc1d0554df90cb36c5 main_color avia-section-default avia-no-border-styling  avia-builder-el-0  avia-builder-el-no-sibling  avia-bg-style-scroll  av-minimum-height av-minimum-height-100  container_wrap sidebar_right'   data-av_minimum_height_pc='100'><div class='container av-section-cont-open' ><main  role=\"main\" itemprop=\"mainContentOfPage\"  class='template-page content  av-content-small alpha units'><div class='post-entry post-entry-type-page post-entry-14'><div class='entry-content-wrapper clearfix'>\n<div class='flex_column av-4i4te-d1a7ba00ab7ba7b0ec48bb73f0dc68c5 av_one_fourth  avia-builder-el-1  el_before_av_one_half  avia-builder-el-first  first flex_column_div '   ><\/div><div class='flex_column av-43say-27c30080fe816bf6a3a8d658ad1e07b6 av_one_half  avia-builder-el-2  el_after_av_one_fourth  el_before_av_one_fourth  flex_column_div '   ><style type=\"text\/css\" data-created_by=\"avia_inline_auto\" id=\"style-css-av-kw5cthvm-ac967934b8182e03d0aecb6229713da6\">\n.avia-image-container.av-kw5cthvm-ac967934b8182e03d0aecb6229713da6 .av-image-caption-overlay-center{\ncolor:#ffffff;\n}\n<\/style>\n<div  class='avia-image-container av-kw5cthvm-ac967934b8182e03d0aecb6229713da6 av-styling- avia-align-center  avia-builder-el-3  avia-builder-el-no-sibling  '  itemprop=\"image\" itemscope=\"itemscope\" itemtype=\"https:\/\/schema.org\/ImageObject\" ><div class=\"avia-image-container-inner\"><div class=\"avia-image-overlay-wrap\"><img decoding=\"async\" class='wp-image-25 avia-img-lazy-loading-not-25 avia_image' src=\"https:\/\/bozzetto.mx\/wp-content\/uploads\/2021\/11\/1.2.1.2.5.BOZZETTO_Logotipo-PNG-NEGRO.png\" alt='' title='1.2.1.2.5.BOZZETTO_Logotipo PNG NEGRO'  height=\"2550\" width=\"3300\"  itemprop=\"thumbnailUrl\" srcset=\"https:\/\/bozzetto.mx\/wp-content\/uploads\/2021\/11\/1.2.1.2.5.BOZZETTO_Logotipo-PNG-NEGRO.png 3300w, https:\/\/bozzetto.mx\/wp-content\/uploads\/2021\/11\/1.2.1.2.5.BOZZETTO_Logotipo-PNG-NEGRO-300x232.png 300w, https:\/\/bozzetto.mx\/wp-content\/uploads\/2021\/11\/1.2.1.2.5.BOZZETTO_Logotipo-PNG-NEGRO-1030x796.png 1030w, https:\/\/bozzetto.mx\/wp-content\/uploads\/2021\/11\/1.2.1.2.5.BOZZETTO_Logotipo-PNG-NEGRO-768x593.png 768w, https:\/\/bozzetto.mx\/wp-content\/uploads\/2021\/11\/1.2.1.2.5.BOZZETTO_Logotipo-PNG-NEGRO-1536x1187.png 1536w, https:\/\/bozzetto.mx\/wp-content\/uploads\/2021\/11\/1.2.1.2.5.BOZZETTO_Logotipo-PNG-NEGRO-2048x1583.png 2048w, https:\/\/bozzetto.mx\/wp-content\/uploads\/2021\/11\/1.2.1.2.5.BOZZETTO_Logotipo-PNG-NEGRO-1500x1159.png 1500w, https:\/\/bozzetto.mx\/wp-content\/uploads\/2021\/11\/1.2.1.2.5.BOZZETTO_Logotipo-PNG-NEGRO-705x545.png 705w\" sizes=\"(max-width: 3300px) 100vw, 3300px\" \/><\/div><\/div><\/div><\/div><div class='flex_column av-35ceu-76ff1c4c207366ffed43d6e74ca47fef av_one_fourth  avia-builder-el-4  el_after_av_one_half  el_before_av_one_fourth  flex_column_div '   ><\/div><div class='flex_column av-2y17u-dd141ba85196b22f41d52926500edd8c av_one_fourth  avia-builder-el-5  el_after_av_one_fourth  el_before_av_one_half  first flex_column_div column-top-margin'   ><p>\n<style type=\"text\/css\" data-created_by=\"avia_inline_auto\" id=\"style-css-av-22ebu-2bafd2571be8c0bd7a702a72fe0ecde7\">\n#top .av-special-heading.av-22ebu-2bafd2571be8c0bd7a702a72fe0ecde7{\npadding-bottom:10px;\n}\n<\/style>\n<div  class='av-special-heading av-22ebu-2bafd2571be8c0bd7a702a72fe0ecde7 av-special-heading-h3 blockquote modern-quote modern-centered  avia-builder-el-6  el_before_av_button  avia-builder-el-first  '><h3 class='av-special-heading-tag '  itemprop=\"headline\"  >S\u00edguenos en instagram para m\u00e1s informaci\u00f3n <\/h3><div class='special-heading-border'><div class='special-heading-inner-border'><\/div><\/div><\/div><br \/>\n<div  class='avia-button-wrap avia-button-center  avia-builder-el-7  el_after_av_heading  avia-builder-el-last ' >\n<style type=\"text\/css\" data-created_by=\"avia_inline_auto\" id=\"style-css-av-kw5d353n-a1cf173742446d37906596a3ebbbc82c\">\n#top #wrap_all .avia-button.av-kw5d353n-a1cf173742446d37906596a3ebbbc82c{\nbackground-color:#958c87;\nborder-color:#958c87;\nbox-shadow: 0px 5px 30px 0px rgba(160,160,160,0.3);\n-webkit-box-shadow: 0px 5px 30px 0px rgba(160,160,160,0.3);\n-moz-box-shadow: 0px 5px 30px 0px rgba(160,160,160,0.3);\ntransition:all 0.4s ease-in-out;\n-webkit-transition:all 0.4s ease-in-out;\n-moz-transition:all 0.4s ease-in-out;\n-ms-transition:all 0.4s ease-in-out;\n-o-transition:all 0.4s ease-in-out;\n}\n#top #wrap_all .avia-button.av-kw5d353n-a1cf173742446d37906596a3ebbbc82c:hover{\nbackground-color:#958c87;\ncolor:black;\ntransition:all 0.4s ease-in-out;\n-webkit-transition:all 0.4s ease-in-out;\n-moz-transition:all 0.4s ease-in-out;\n-ms-transition:all 0.4s ease-in-out;\n-o-transition:all 0.4s ease-in-out;\n}\n<\/style>\n<a href='https:\/\/instagram.com\/bozzetto.designcenter?utm_medium=copy_link'  class='avia-button av-kw5d353n-a1cf173742446d37906596a3ebbbc82c avia-icon_select-yes-left-icon avia-size-large avia-position-center avia-font-color-theme-color ' ><span class='avia_button_icon avia_button_icon_left' aria-hidden='true' data-av_icon='\uf16d' data-av_iconfont='entypo-fontello'><\/span><span class='avia_iconbox_title' >Instagram<\/span><\/a><\/div><\/p><\/div><div class='flex_column av-1liay-9118c41468b90d4cb56a9e902e9175b3 av_one_half  avia-builder-el-8  el_after_av_one_fourth  el_before_av_one_fourth  flex_column_div column-top-margin'   ><\/div><div class='flex_column av-nshq-ea56b094f3d704e9f983c59b1dc1726f av_one_fourth  avia-builder-el-9  el_after_av_one_half  avia-builder-el-last  flex_column_div column-top-margin'   ><p>\n<style type=\"text\/css\" data-created_by=\"avia_inline_auto\" id=\"style-css-av-kw5cymge-3d3aabede1b964dd26c100f9e7bc0d2b\">\n#top .av-special-heading.av-kw5cymge-3d3aabede1b964dd26c100f9e7bc0d2b{\npadding-bottom:10px;\n}\n<\/style>\n<div  class='av-special-heading av-kw5cymge-3d3aabede1b964dd26c100f9e7bc0d2b av-special-heading-h3 blockquote modern-quote modern-centered  avia-builder-el-10  el_before_av_textblock  avia-builder-el-first  '><h3 class='av-special-heading-tag '  itemprop=\"headline\"  >Contacto <\/h3><div class='special-heading-border'><div class='special-heading-inner-border'><\/div><\/div><\/div><br \/>\n<section  class='av_textblock_section av-kw5d6ws0-e2f907fd450950af56e830853c88c699 '  itemscope=\"itemscope\" itemtype=\"https:\/\/schema.org\/CreativeWork\" ><div class='avia_textblock '  itemprop=\"text\" ><p style=\"text-align: center;\">Tel: +52 81 8110 9209<\/p>\n<p style=\"text-align: center;\">Correo: administracion@bozzetto.mx<\/p>\n<\/div><\/section><\/p><\/div><\/div><\/div><\/main><!-- close content main element --><\/div><\/div><div id='after_section_1'  class='main_color av_default_container_wrap container_wrap sidebar_right'  ><div class='container av-section-cont-open' ><div class='template-page content  av-content-small alpha units'><div class='post-entry post-entry-type-page post-entry-14'><div class='entry-content-wrapper clearfix'>\n","protected":false},"excerpt":{"rendered":"","protected":false},"author":1,"featured_media":0,"parent":0,"menu_order":0,"comment_status":"closed","ping_status":"closed","template":"","meta":{"footnotes":""},"class_list":["post-14","page","type-page","status-publish","hentry"],"_links":{"self":[{"href":"https:\/\/bozzetto.mx\/index.php?rest_route=\/wp\/v2\/pages\/14","targetHints":{"allow":["GET"]}}],"collection":[{"href":"https:\/\/bozzetto.mx\/index.php?rest_route=\/wp\/v2\/pages"}],"about":[{"href":"https:\/\/bozzetto.mx\/index.php?rest_route=\/wp\/v2\/types\/page"}],"author":[{"embeddable":true,"href":"https:\/\/bozzetto.mx\/index.php?rest_route=\/wp\/v2\/users\/1"}],"replies":[{"embeddable":true,"href":"https:\/\/bozzetto.mx\/index.php?rest_route=%2Fwp%2Fv2%2Fcomments&post=14"}],"version-history":[{"count":8,"href":"https:\/\/bozzetto.mx\/index.php?rest_route=\/wp\/v2\/pages\/14\/revisions"}],"predecessor-version":[{"id":29,"href":"https:\/\/bozzetto.mx\/index.php?rest_route=\/wp\/v2\/pages\/14\/revisions\/29"}],"wp:attachment":[{"href":"https:\/\/bozzetto.mx\/index.php?rest_route=%2Fwp%2Fv2%2Fmedia&parent=14"}],"curies":[{"name":"wp","href":"https:\/\/api.w.org\/{rel}","templated":true}]}}